{"id":1186,"date":"2015-05-19T10:10:14","date_gmt":"2015-05-19T10:10:14","guid":{"rendered":"https:\/\/www.unidadmedica.com\/?page_id=1186"},"modified":"2015-08-07T08:53:07","modified_gmt":"2015-08-07T08:53:07","slug":"conditions-dutilisation-du-site","status":"publish","type":"page","link":"https:\/\/www.unidadmedica.com\/fr\/conditions-dutilisation-du-site\/","title":{"rendered":"Politique de Confidentialit\u00e9"},"content":{"rendered":"<p>[et_pb_section][et_pb_row][et_pb_column type=\u00a0\u00bb4_4&Prime;][et_pb_text admin_label=\u00a0\u00bbTexto\u00a0\u00bb background_layout=\u00a0\u00bblight\u00a0\u00bb text_orientation=\u00a0\u00bbleft\u00a0\u00bb]<\/p>\n<h1>Politique de Confidentialit\u00e9:<\/h1>\n<p>Nous vous informons que les informations personnelles fournies en ligne par l&rsquo;internaute, ainsi que l&rsquo;adresse courriel ont \u00e9t\u00e9 int\u00e9gr\u00e9es \u00e0 un fichier sous la responsabilit\u00e9 de UNIDAD MEDICA S.L., dans le but de pouvoir r\u00e9pondre \u00e0 vos demandes et vous faire parvenir l&rsquo;information relevant de votre int\u00e9r\u00eat.<br \/>\nUNIDAD MEDICA S.L. s\u2019engage \u00e0 n&rsquo;utiliser les informations fournies en ligne par l\u2019internaute que pour la finalit\u00e9 \u00e9nonc\u00e9e.<br \/>\nLes personnes int\u00e9ress\u00e9es d\u00e9clarent avoir pris connaissance par la lecture de cette clause de l&rsquo;utilisation et traitement des informations personnelles.<br \/>\nL&rsquo;envoi du courrier \u00e9l\u00e9ctronique implique l&rsquo;acceptation des clauses pr\u00e9alablement \u00e9nonc\u00e9es.<\/p>\n<p>Toutefois vous disposez d\u2019un droit d\u2019acc\u00e8s, de rectification et de suppression des informations personnelles vous concernant, selon la Loi Ley Org\u00e1nica 15\/1999 que vous pouvez exercer \u00e0 tout moment en adressant un courrier \u00e0 l\u2019adresse suivante :<\/p>\n<ul>\n<li><strong>UNIDAD MEDICA SL<\/strong><\/li>\n<li><strong>C\/ CONDE DE ARANDA No 1,<\/strong><\/li>\n<li><strong>28001 MADRID.<\/strong><\/li>\n<li><strong>Tel: 91 435 1823<\/strong><\/li>\n<\/ul>\n<p><img decoding=\"async\" class=\"aligncenter size-full wp-image-449\" src=\"https:\/\/www.unidadmedica.com\/wp-content\/uploads\/2015\/05\/detalle-puerta-1.jpg\" alt=\"detalle puerta 1\" width=\"650\" height=\"433\" srcset=\"https:\/\/www.unidadmedica.com\/wp-content\/uploads\/2015\/05\/detalle-puerta-1.jpg 650w, https:\/\/www.unidadmedica.com\/wp-content\/uploads\/2015\/05\/detalle-puerta-1-300x200.jpg 300w\" sizes=\"(max-width: 650px) 100vw, 650px\" \/><\/p>\n<p>[\/et_pb_text][\/et_pb_column][\/et_pb_row][\/et_pb_section]<\/p>\n","protected":false},"excerpt":{"rendered":"<p>[et_pb_section][et_pb_row][et_pb_column type=\u00a0\u00bb4_4&Prime;][et_pb_text admin_label=\u00a0\u00bbTexto\u00a0\u00bb background_layout=\u00a0\u00bblight\u00a0\u00bb text_orientation=\u00a0\u00bbleft\u00a0\u00bb] Politique de Confidentialit\u00e9: Nous vous informons que les informations personnelles fournies en ligne par l&rsquo;internaute, ainsi que l&rsquo;adresse courriel ont \u00e9t\u00e9 int\u00e9gr\u00e9es \u00e0 un fichier sous la responsabilit\u00e9 de UNIDAD MEDICA S.L., dans le but de pouvoir r\u00e9pondre \u00e0 vos demandes et vous faire parvenir l&rsquo;information relevant de votre int\u00e9r\u00eat. [&hellip;]<\/p>\n","protected":false},"author":1,"featured_media":0,"parent":0,"menu_order":0,"comment_status":"open","ping_status":"open","template":"","meta":{"_et_pb_use_builder":"","_et_pb_old_content":"","_et_gb_content_width":"","footnotes":""},"class_list":["post-1186","page","type-page","status-publish","hentry"],"yoast_head":"<!-- This site is optimized with the Yoast SEO plugin v27.2 - https:\/\/yoast.com\/product\/yoast-seo-wordpress\/ -->\n<title>Politique de Confidentialit\u00e9 - Unidad M\u00e9dica<\/title>\n<meta name=\"robots\" content=\"noindex, follow\" \/>\n<meta property=\"og:locale\" content=\"fr_FR\" \/>\n<meta property=\"og:type\" content=\"article\" \/>\n<meta property=\"og:title\" content=\"Politique de Confidentialit\u00e9 - Unidad M\u00e9dica\" \/>\n<meta property=\"og:description\" content=\"[et_pb_section][et_pb_row][et_pb_column type=\u00a0\u00bb4_4&Prime;][et_pb_text admin_label=\u00a0\u00bbTexto\u00a0\u00bb background_layout=\u00a0\u00bblight\u00a0\u00bb text_orientation=\u00a0\u00bbleft\u00a0\u00bb] Politique de Confidentialit\u00e9: Nous vous informons que les informations personnelles fournies en ligne par l&rsquo;internaute, ainsi que l&rsquo;adresse courriel ont \u00e9t\u00e9 int\u00e9gr\u00e9es \u00e0 un fichier sous la responsabilit\u00e9 de UNIDAD MEDICA S.L., dans le but de pouvoir r\u00e9pondre \u00e0 vos demandes et vous faire parvenir l&rsquo;information relevant de votre int\u00e9r\u00eat. [&hellip;]\" \/>\n<meta property=\"og:url\" content=\"https:\/\/www.unidadmedica.com\/fr\/conditions-dutilisation-du-site\/\" \/>\n<meta property=\"og:site_name\" content=\"Unidad M\u00e9dica\" \/>\n<meta property=\"article:modified_time\" content=\"2015-08-07T08:53:07+00:00\" \/>\n<meta property=\"og:image\" content=\"https:\/\/www.unidadmedica.com\/wp-content\/uploads\/2015\/05\/detalle-puerta-1.jpg\" \/>\n<meta name=\"twitter:card\" content=\"summary_large_image\" \/>\n<meta name=\"twitter:label1\" content=\"Dur\u00e9e de lecture estim\u00e9e\" \/>\n\t<meta name=\"twitter:data1\" content=\"1 minute\" \/>\n<script type=\"application\/ld+json\" class=\"yoast-schema-graph\">{\"@context\":\"https:\/\/schema.org\",\"@graph\":[{\"@type\":\"WebPage\",\"@id\":\"https:\/\/www.unidadmedica.com\/fr\/conditions-dutilisation-du-site\/\",\"url\":\"https:\/\/www.unidadmedica.com\/fr\/conditions-dutilisation-du-site\/\",\"name\":\"Politique de Confidentialit\u00e9 - Unidad M\u00e9dica\",\"isPartOf\":{\"@id\":\"https:\/\/www.unidadmedica.com\/#website\"},\"primaryImageOfPage\":{\"@id\":\"https:\/\/www.unidadmedica.com\/fr\/conditions-dutilisation-du-site\/#primaryimage\"},\"image\":{\"@id\":\"https:\/\/www.unidadmedica.com\/fr\/conditions-dutilisation-du-site\/#primaryimage\"},\"thumbnailUrl\":\"https:\/\/www.unidadmedica.com\/wp-content\/uploads\/2015\/05\/detalle-puerta-1.jpg\",\"datePublished\":\"2015-05-19T10:10:14+00:00\",\"dateModified\":\"2015-08-07T08:53:07+00:00\",\"breadcrumb\":{\"@id\":\"https:\/\/www.unidadmedica.com\/fr\/conditions-dutilisation-du-site\/#breadcrumb\"},\"inLanguage\":\"fr-FR\",\"potentialAction\":[{\"@type\":\"ReadAction\",\"target\":[\"https:\/\/www.unidadmedica.com\/fr\/conditions-dutilisation-du-site\/\"]}]},{\"@type\":\"ImageObject\",\"inLanguage\":\"fr-FR\",\"@id\":\"https:\/\/www.unidadmedica.com\/fr\/conditions-dutilisation-du-site\/#primaryimage\",\"url\":\"https:\/\/www.unidadmedica.com\/wp-content\/uploads\/2015\/05\/detalle-puerta-1.jpg\",\"contentUrl\":\"https:\/\/www.unidadmedica.com\/wp-content\/uploads\/2015\/05\/detalle-puerta-1.jpg\"},{\"@type\":\"BreadcrumbList\",\"@id\":\"https:\/\/www.unidadmedica.com\/fr\/conditions-dutilisation-du-site\/#breadcrumb\",\"itemListElement\":[{\"@type\":\"ListItem\",\"position\":1,\"name\":\"Home\",\"item\":\"https:\/\/www.unidadmedica.com\/fr\/\"},{\"@type\":\"ListItem\",\"position\":2,\"name\":\"Politique de Confidentialit\u00e9\"}]},{\"@type\":\"WebSite\",\"@id\":\"https:\/\/www.unidadmedica.com\/#website\",\"url\":\"https:\/\/www.unidadmedica.com\/\",\"name\":\"Unidad M\u00e9dica\",\"description\":\"Cl\u00ednica Angloamericana\",\"publisher\":{\"@id\":\"https:\/\/www.unidadmedica.com\/#organization\"},\"potentialAction\":[{\"@type\":\"SearchAction\",\"target\":{\"@type\":\"EntryPoint\",\"urlTemplate\":\"https:\/\/www.unidadmedica.com\/?s={search_term_string}\"},\"query-input\":{\"@type\":\"PropertyValueSpecification\",\"valueRequired\":true,\"valueName\":\"search_term_string\"}}],\"inLanguage\":\"fr-FR\"},{\"@type\":\"Organization\",\"@id\":\"https:\/\/www.unidadmedica.com\/#organization\",\"name\":\"Unidad M\u00e9dica\",\"url\":\"https:\/\/www.unidadmedica.com\/\",\"logo\":{\"@type\":\"ImageObject\",\"inLanguage\":\"fr-FR\",\"@id\":\"https:\/\/www.unidadmedica.com\/#\/schema\/logo\/image\/\",\"url\":\"https:\/\/www.unidadmedica.com\/wp-content\/uploads\/2015\/05\/logo-unidadmedica.jpg\",\"contentUrl\":\"https:\/\/www.unidadmedica.com\/wp-content\/uploads\/2015\/05\/logo-unidadmedica.jpg\",\"width\":310,\"height\":75,\"caption\":\"Unidad M\u00e9dica\"},\"image\":{\"@id\":\"https:\/\/www.unidadmedica.com\/#\/schema\/logo\/image\/\"}}]}<\/script>\n<!-- \/ Yoast SEO plugin. -->","yoast_head_json":{"title":"Politique de Confidentialit\u00e9 - Unidad M\u00e9dica","robots":{"index":"noindex","follow":"follow"},"og_locale":"fr_FR","og_type":"article","og_title":"Politique de Confidentialit\u00e9 - Unidad M\u00e9dica","og_description":"[et_pb_section][et_pb_row][et_pb_column type=\u00a0\u00bb4_4&Prime;][et_pb_text admin_label=\u00a0\u00bbTexto\u00a0\u00bb background_layout=\u00a0\u00bblight\u00a0\u00bb text_orientation=\u00a0\u00bbleft\u00a0\u00bb] Politique de Confidentialit\u00e9: Nous vous informons que les informations personnelles fournies en ligne par l&rsquo;internaute, ainsi que l&rsquo;adresse courriel ont \u00e9t\u00e9 int\u00e9gr\u00e9es \u00e0 un fichier sous la responsabilit\u00e9 de UNIDAD MEDICA S.L., dans le but de pouvoir r\u00e9pondre \u00e0 vos demandes et vous faire parvenir l&rsquo;information relevant de votre int\u00e9r\u00eat. [&hellip;]","og_url":"https:\/\/www.unidadmedica.com\/fr\/conditions-dutilisation-du-site\/","og_site_name":"Unidad M\u00e9dica","article_modified_time":"2015-08-07T08:53:07+00:00","og_image":[{"url":"https:\/\/www.unidadmedica.com\/wp-content\/uploads\/2015\/05\/detalle-puerta-1.jpg","type":"","width":"","height":""}],"twitter_card":"summary_large_image","twitter_misc":{"Dur\u00e9e de lecture estim\u00e9e":"1 minute"},"schema":{"@context":"https:\/\/schema.org","@graph":[{"@type":"WebPage","@id":"https:\/\/www.unidadmedica.com\/fr\/conditions-dutilisation-du-site\/","url":"https:\/\/www.unidadmedica.com\/fr\/conditions-dutilisation-du-site\/","name":"Politique de Confidentialit\u00e9 - Unidad M\u00e9dica","isPartOf":{"@id":"https:\/\/www.unidadmedica.com\/#website"},"primaryImageOfPage":{"@id":"https:\/\/www.unidadmedica.com\/fr\/conditions-dutilisation-du-site\/#primaryimage"},"image":{"@id":"https:\/\/www.unidadmedica.com\/fr\/conditions-dutilisation-du-site\/#primaryimage"},"thumbnailUrl":"https:\/\/www.unidadmedica.com\/wp-content\/uploads\/2015\/05\/detalle-puerta-1.jpg","datePublished":"2015-05-19T10:10:14+00:00","dateModified":"2015-08-07T08:53:07+00:00","breadcrumb":{"@id":"https:\/\/www.unidadmedica.com\/fr\/conditions-dutilisation-du-site\/#breadcrumb"},"inLanguage":"fr-FR","potentialAction":[{"@type":"ReadAction","target":["https:\/\/www.unidadmedica.com\/fr\/conditions-dutilisation-du-site\/"]}]},{"@type":"ImageObject","inLanguage":"fr-FR","@id":"https:\/\/www.unidadmedica.com\/fr\/conditions-dutilisation-du-site\/#primaryimage","url":"https:\/\/www.unidadmedica.com\/wp-content\/uploads\/2015\/05\/detalle-puerta-1.jpg","contentUrl":"https:\/\/www.unidadmedica.com\/wp-content\/uploads\/2015\/05\/detalle-puerta-1.jpg"},{"@type":"BreadcrumbList","@id":"https:\/\/www.unidadmedica.com\/fr\/conditions-dutilisation-du-site\/#breadcrumb","itemListElement":[{"@type":"ListItem","position":1,"name":"Home","item":"https:\/\/www.unidadmedica.com\/fr\/"},{"@type":"ListItem","position":2,"name":"Politique de Confidentialit\u00e9"}]},{"@type":"WebSite","@id":"https:\/\/www.unidadmedica.com\/#website","url":"https:\/\/www.unidadmedica.com\/","name":"Unidad M\u00e9dica","description":"Cl\u00ednica Angloamericana","publisher":{"@id":"https:\/\/www.unidadmedica.com\/#organization"},"potentialAction":[{"@type":"SearchAction","target":{"@type":"EntryPoint","urlTemplate":"https:\/\/www.unidadmedica.com\/?s={search_term_string}"},"query-input":{"@type":"PropertyValueSpecification","valueRequired":true,"valueName":"search_term_string"}}],"inLanguage":"fr-FR"},{"@type":"Organization","@id":"https:\/\/www.unidadmedica.com\/#organization","name":"Unidad M\u00e9dica","url":"https:\/\/www.unidadmedica.com\/","logo":{"@type":"ImageObject","inLanguage":"fr-FR","@id":"https:\/\/www.unidadmedica.com\/#\/schema\/logo\/image\/","url":"https:\/\/www.unidadmedica.com\/wp-content\/uploads\/2015\/05\/logo-unidadmedica.jpg","contentUrl":"https:\/\/www.unidadmedica.com\/wp-content\/uploads\/2015\/05\/logo-unidadmedica.jpg","width":310,"height":75,"caption":"Unidad M\u00e9dica"},"image":{"@id":"https:\/\/www.unidadmedica.com\/#\/schema\/logo\/image\/"}}]}},"_links":{"self":[{"href":"https:\/\/www.unidadmedica.com\/fr\/wp-json\/wp\/v2\/pages\/1186","targetHints":{"allow":["GET"]}}],"collection":[{"href":"https:\/\/www.unidadmedica.com\/fr\/wp-json\/wp\/v2\/pages"}],"about":[{"href":"https:\/\/www.unidadmedica.com\/fr\/wp-json\/wp\/v2\/types\/page"}],"author":[{"embeddable":true,"href":"https:\/\/www.unidadmedica.com\/fr\/wp-json\/wp\/v2\/users\/1"}],"replies":[{"embeddable":true,"href":"https:\/\/www.unidadmedica.com\/fr\/wp-json\/wp\/v2\/comments?post=1186"}],"version-history":[{"count":0,"href":"https:\/\/www.unidadmedica.com\/fr\/wp-json\/wp\/v2\/pages\/1186\/revisions"}],"wp:attachment":[{"href":"https:\/\/www.unidadmedica.com\/fr\/wp-json\/wp\/v2\/media?parent=1186"}],"curies":[{"name":"wp","href":"https:\/\/api.w.org\/{rel}","templated":true}]}}