{"id":1235,"date":"2015-05-19T10:07:14","date_gmt":"2015-05-19T10:07:14","guid":{"rendered":"https:\/\/www.unidadmedica.com\/?page_id=1235"},"modified":"2025-09-19T08:09:28","modified_gmt":"2025-09-19T08:09:28","slug":"rechtliche-hinweise","status":"publish","type":"page","link":"https:\/\/www.unidadmedica.com\/de\/politica-de-privacidad-3\/rechtliche-hinweise\/","title":{"rendered":"Rechtliche Hinweise"},"content":{"rendered":"<h2><u>C<\/u><u>O<\/u><u>NDICIONES DE USO <\/u><u>\u2013 <\/u><u>UNIDAD M\u00c9DICA ANGLOAMERICANA website.<\/u><\/h2>\n<p>En cumplimiento de la Ley 34\/2002, de 11 de julio, de servicios de la sociedad de la informaci\u00f3n y de comercio electr\u00f3nico, UNIDAD MEDICA SL le informa de que es titular del website <a href=\"http:\/\/WWW.UNIDADMEDICA.COM\/\">WWW.UNIDADMEDICA.COM. <\/a>De acuerdo con la exigencia del art\u00edculo 10 dela citada Ley, UNIDAD MEDICA SL informa de los siguientes datos:<\/p>\n<p>El titular de esta p\u00e1gina web es UNIDAD MEDICA SL, con CIF B78303914 y domicilio social en<\/p>\n<p>UNIDAD MEDICA SL<\/p>\n<p>c\/ CONDE DE ARANDA 1, 28001 MADRID<\/p>\n<p>inscrita en el Registro Mercantil de Madrid en el Tomo 3663, Libro 0, folio 185, Secci\u00f3n 8, Hoja M-61610, Inscripci\u00f3n 1\u00aa.<\/p>\n<p>La direcci\u00f3n de correo electr\u00f3nico de contacto con la empresa es: <a href=\"mailto:crey@unidadmedica.com\">crey@unidadmedica.com.<\/a><\/p>\n<p>\u00a0<\/p>\n<h2><u>USUARIO Y R\u00c9GIMEN DE RESPONSABILIDADES<\/u><\/h2>\n<p>La navegaci\u00f3n, acceso y uso por el website de UNIDAD MEDICA SL confiere la condici\u00f3n de usuario, por la que se aceptan, desde la navegaci\u00f3n por las p\u00e1ginas de UNIDAD MEDICA SL, todas las condiciones de uso aqu\u00ed establecidas sin perjuicio de la aplicaci\u00f3n de la correspondiente normativa de obligado cumplimiento legal seg\u00fan el caso.<\/p>\n<p>Las p\u00e1ginas web de UNIDAD MEDICA SL proporcionan gran diversidad de informaci\u00f3n, servicios y datos. El usuario asume su responsabilidad en el uso correcto del website. Esta responsabilidad se extender\u00e1 a:<\/p>\n<p>La veracidad y licitud de las informaciones aportadas por el usuario en los formularios extendidos por UNIDAD MEDICA SL para el acceso a ciertos contenidos o servicios ofrecidos por las webs. Tambi\u00e9n ser\u00e1 responsable del uso que le de a las claves de acceso que haya obtenido con la cumplimentaci\u00f3n de los formularios mencionados.<\/p>\n<p>El uso de de la informaci\u00f3n, servicios y datos ofrecidos por UNIDAD MEDICA SL contrariamente a lo dispuesto por las presentes condiciones, la Ley, la moral, las buenas costumbres o el orden p\u00fablico, o que de cualquier otro modo puedan suponer lesi\u00f3n de los derechos de terceros o del mismo funcionamiento del website.<\/p>\n<p>\u00a0<\/p>\n<h2><u>POL\u00cdTICA DE ENLACES Y EXENCIONES DE RESPONSABILIDAD<\/u><\/h2>\n<p>UNIDAD MEDICA SL no se hace responsable del contenido de las p\u00e1ginas web a las que el usuario pueda acceder a trav\u00e9s de los enlaces establecidos en su website y declara que en ning\u00fan caso proceder\u00e1 a examinar o ejercitar ning\u00fan tipo de control sobre el contenido de otras p\u00e1ginas de la red.<\/p>\n<p>Asimismo, tampoco garantizar\u00e1 la disponibilidad t\u00e9cnica, exactitud, veracidad, validez o legalidad de p\u00e1ginas ajenas a su propiedad a las que se pueda acceder por medio de los enlaces.<\/p>\n<p>UNIDAD MEDICA SL declara haber adoptado todas las medidas necesarias para evitar cualesquiera da\u00f1os que, a los usuarios de su website, pudieran derivarse de la navegaci\u00f3n por sus p\u00e1ginas web. En consecuencia, UNIDAD MEDICA SL no se hace responsable, en ning\u00fan caso, de los eventuales da\u00f1os que por la navegaci\u00f3n por Internet pudiera sufrir el usuario.<\/p>\n<p>\u00a0<\/p>\n<h2><u>MODIFICACIONES<\/u><\/h2>\n<p>UNIDAD MEDICA SL se reserva el derecho a realizar las modificaciones que considere oportunas, sin aviso previo, en el contenido de su website. Tanto en lo referente a los contenidos de la website, como en las condiciones de uso de la misma o en las condiciones generales de contrataci\u00f3n. Dichas modificaciones podr\u00e1n realizarse, a trav\u00e9s de su website, de cualquier forma admisible en derecho y ser\u00e1n de obligado cumplimiento durante el tiempo en que se encuentren publicadas en la web y hasta que no sean modificadas v\u00e1lidamente por otras posteriores.<\/p>\n<p>\u00a0<\/p>\n<h2><u>RESERVA DE COOKIES<\/u><\/h2>\n<p>UNIDAD MEDICA SL se reserva el derecho de utilizar cookies en la navegaci\u00f3n del usuario por su website para facilitar la personalizaci\u00f3n y comodidad de la navegaci\u00f3n. Siguiendo la pol\u00edtica de protecci\u00f3n de datos de la empresa, UNIDAD MEDICA SL informa que las cookies se asocian al usuario an\u00f3nimo y a su ordenador, y no proporcionan por s\u00ed el nombre y apellidos del usuario.<\/p>\n<p>El usuario tiene la posibilidad de configurar su navegador de modo que se le informe de la recepci\u00f3n de cookies, pudiendo, si as\u00ed lo desea, impedir que sean instaladas en su disco duro. No obstante, para el acceso a la website de UNIDAD MEDICA SL no ser\u00e1 preceptiva la instalaci\u00f3n de cookies.<\/p>\n<p>\u00a0<\/p>\n<h2><u>PROTECCI\u00d3N DE DATOS<\/u><\/h2>\n<p>De conformidad con lo que establece la Ley Org\u00e1nica 15\/1999 de Protecci\u00f3n de Datos de\u00a0 Car\u00e1cter Personal, UNIDAD MEDICA SL informa a los usuarios de su website de que los datos personales recabados por la empresa mediante los formularios sitos en sus p\u00e1ginas, ser\u00e1n introducidos en un fichero automatizado bajo la responsabilidad de UNIDAD MEDICA SL, con la finalidad de poder facilitar, agilizar y cumplir los compromisos establecidos entre ambas partes.<\/p>\n<p>\u00a0<\/p>\n<p>As\u00ed mismo, UNIDAD MEDICA SL informa de la posibilidad de ejercer los derechos\u00a0de acceso, cancelaci\u00f3n, rectificaci\u00f3n y oposici\u00f3n mediante un escrito a la direcci\u00f3n<\/p>\n<p>\u00a0<\/p>\n<p><strong>UNIDAD MEDICA SL;<\/strong><\/p>\n<p><strong>CONDE DE ARANDA 1, 28001 MADRID.<\/strong><\/p>\n<p>Mientras no nos comunique lo contrario, entenderemos que sus datos no han sido modificados, que usted se compromete a notificarnos cualquier variaci\u00f3n y que tenemos el consentimiento para utilizarlos a fin de poder fidelizar la relaci\u00f3n entre las partes.<\/p>\n<p>\u00a0<\/p>\n<h2><u>PROPIEDAD INTELECTUAL<\/u><\/h2>\n<p>Los derechos de propiedad intelectual e industrial derivados de todos los textos, im\u00e1genes, as\u00ed como de los medios y formas de presentaci\u00f3n y montaje de sus p\u00e1ginas pertenecen, por s\u00ed o como cesionaria, a UNIDAD MEDICA SL. Ser\u00e1n, por consiguiente, obras protegidas como propiedad intelectual por el ordenamiento jur\u00eddico espa\u00f1ol, si\u00e9ndoles aplicables tanto la normativa\u00a0espa\u00f1ola y comunitaria en este campo, como los tratados internacionales relativos a la materia y suscritos por Espa\u00f1a.<\/p>\n<p>Todos los derechos reservados. En cumplimiento de la Ley de la Propiedad Intelectual se proh\u00edbe expresamente la reproducci\u00f3n, distribuci\u00f3n, comunicaci\u00f3n p\u00fablica y utilizaci\u00f3n, de la totalidad o parte de los contenidos de sus p\u00e1ginas web sin el consentimiento expreso de UNIDAD MEDICA\u00a0SL.<\/p>\n<p>\u00a0<\/p>\n<h2><u>ACC<\/u><u>I<\/u><u>ONES LEGALES, LEGISLACI\u00d3N APLICABLE Y JURISDICCI\u00d3N<\/u><\/h2>\n<p>UNIDAD MEDICA SL se reserva asimismo la facultad de presentar las acciones civiles o penales que considere oportunas por la utilizaci\u00f3n indebida de sus p\u00e1ginas web y contenidos o por el incumplimiento de las presentes condiciones.<\/p>\n<p>La relaci\u00f3n entre el usuario y UNIDAD MEDICA SL se regir\u00e1 por la normativa espa\u00f1ola vigente y ser\u00e1n competentes para decidir sobre cualquier controversia que se pudiera suscitar entre el usuario y UNIDAD MEDICA SL, los juzgados o tribunales propios de la localidad de MADRID.<\/p>\n","protected":false},"excerpt":{"rendered":"<p>CONDICIONES DE USO \u2013 UNIDAD M\u00c9DICA ANGLOAMERICANA website. En cumplimiento de la Ley 34\/2002, de 11 de julio, de servicios de la sociedad de la informaci\u00f3n y de comercio electr\u00f3nico, UNIDAD MEDICA SL le informa de que es titular del website WWW.UNIDADMEDICA.COM. De acuerdo con la exigencia del art\u00edculo 10 dela citada Ley, UNIDAD MEDICA [&hellip;]<\/p>\n","protected":false},"author":1,"featured_media":0,"parent":1139,"menu_order":0,"comment_status":"open","ping_status":"closed","template":"","meta":{"_et_pb_use_builder":"on","_et_pb_old_content":"<h2><u>C<\/u><u>O<\/u><u>NDICIONES DE USO <\/u><u>\u2013 <\/u><u>UNIDAD M\u00c9DICA ANGLOAMERICANA website.<\/u><\/h2>\r\nEn cumplimiento de la Ley 34\/2002, de 11 de julio, de servicios de la sociedad de la informaci\u00f3n y de comercio electr\u00f3nico, UNIDAD MEDICA SL le informa de que es titular del website <a href=\"http:\/\/WWW.UNIDADMEDICA.COM\/\">WWW.UNIDADMEDICA.COM. <\/a>De acuerdo con la exigencia del art\u00edculo 10 dela citada Ley, UNIDAD MEDICA SL informa de los siguientes datos:\r\n\r\nEl titular de esta p\u00e1gina web es UNIDAD MEDICA SL, con CIF B78303914 y domicilio social en\r\n\r\nUNIDAD MEDICA SL\r\n\r\nc\/ CONDE DE ARANDA 1, 28001 MADRID\r\n\r\ninscrita en el Registro Mercantil de Madrid en el Tomo 3663, Libro 0, folio 185, Secci\u00f3n 8, Hoja M-61610, Inscripci\u00f3n 1\u00aa.\r\n\r\nLa direcci\u00f3n de correo electr\u00f3nico de contacto con la empresa es: <a href=\"mailto:crey@unidadmedica.com\">crey@unidadmedica.com.<\/a>\r\n\r\n\u00a0\r\n<h2><u>USUARIO Y R\u00c9GIMEN DE RESPONSABILIDADES<\/u><\/h2>\r\nLa navegaci\u00f3n, acceso y uso por el website de UNIDAD MEDICA SL confiere la condici\u00f3n de usuario, por la que se aceptan, desde la navegaci\u00f3n por las p\u00e1ginas de UNIDAD MEDICA SL, todas las condiciones de uso aqu\u00ed establecidas sin perjuicio de la aplicaci\u00f3n de la correspondiente normativa de obligado cumplimiento legal seg\u00fan el caso.\r\n\r\nLas p\u00e1ginas web de UNIDAD MEDICA SL proporcionan gran diversidad de informaci\u00f3n, servicios y datos. El usuario asume su responsabilidad en el uso correcto del website. Esta responsabilidad se extender\u00e1 a:\r\n\r\nLa veracidad y licitud de las informaciones aportadas por el usuario en los formularios extendidos por UNIDAD MEDICA SL para el acceso a ciertos contenidos o servicios ofrecidos por las webs. Tambi\u00e9n ser\u00e1 responsable del uso que le de a las claves de acceso que haya obtenido con la cumplimentaci\u00f3n de los formularios mencionados.\r\n\r\nEl uso de de la informaci\u00f3n, servicios y datos ofrecidos por UNIDAD MEDICA SL contrariamente a lo dispuesto por las presentes condiciones, la Ley, la moral, las buenas costumbres o el orden p\u00fablico, o que de cualquier otro modo puedan suponer lesi\u00f3n de los derechos de terceros o del mismo funcionamiento del website.\r\n\r\n\u00a0\r\n<h2><u>POL\u00cdTICA DE ENLACES Y EXENCIONES DE RESPONSABILIDAD<\/u><\/h2>\r\nUNIDAD MEDICA SL no se hace responsable del contenido de las p\u00e1ginas web a las que el usuario pueda acceder a trav\u00e9s de los enlaces establecidos en su website y declara que en ning\u00fan caso proceder\u00e1 a examinar o ejercitar ning\u00fan tipo de control sobre el contenido de otras p\u00e1ginas de la red.\r\n\r\nAsimismo, tampoco garantizar\u00e1 la disponibilidad t\u00e9cnica, exactitud, veracidad, validez o legalidad de p\u00e1ginas ajenas a su propiedad a las que se pueda acceder por medio de los enlaces.\r\n\r\nUNIDAD MEDICA SL declara haber adoptado todas las medidas necesarias para evitar cualesquiera da\u00f1os que, a los usuarios de su website, pudieran derivarse de la navegaci\u00f3n por sus p\u00e1ginas web. En consecuencia, UNIDAD MEDICA SL no se hace responsable, en ning\u00fan caso, de los eventuales da\u00f1os que por la navegaci\u00f3n por Internet pudiera sufrir el usuario.\r\n\r\n\u00a0\r\n<h2><u>MODIFICACIONES<\/u><\/h2>\r\nUNIDAD MEDICA SL se reserva el derecho a realizar las modificaciones que considere oportunas, sin aviso previo, en el contenido de su website. Tanto en lo referente a los contenidos de la website, como en las condiciones de uso de la misma o en las condiciones generales de contrataci\u00f3n. Dichas modificaciones podr\u00e1n realizarse, a trav\u00e9s de su website, de cualquier forma admisible en derecho y ser\u00e1n de obligado cumplimiento durante el tiempo en que se encuentren publicadas en la web y hasta que no sean modificadas v\u00e1lidamente por otras posteriores.\r\n\r\n\u00a0\r\n<h2><u>RESERVA DE COOKIES<\/u><\/h2>\r\nUNIDAD MEDICA SL se reserva el derecho de utilizar cookies en la navegaci\u00f3n del usuario por su website para facilitar la personalizaci\u00f3n y comodidad de la navegaci\u00f3n. Siguiendo la pol\u00edtica de protecci\u00f3n de datos de la empresa, UNIDAD MEDICA SL informa que las cookies se asocian al usuario an\u00f3nimo y a su ordenador, y no proporcionan por s\u00ed el nombre y apellidos del usuario.\r\n\r\nEl usuario tiene la posibilidad de configurar su navegador de modo que se le informe de la recepci\u00f3n de cookies, pudiendo, si as\u00ed lo desea, impedir que sean instaladas en su disco duro. No obstante, para el acceso a la website de UNIDAD MEDICA SL no ser\u00e1 preceptiva la instalaci\u00f3n de cookies.\r\n\r\n\u00a0\r\n<h2><u>PROTECCI\u00d3N DE DATOS<\/u><\/h2>\r\nDe conformidad con lo que establece la Ley Org\u00e1nica 15\/1999 de Protecci\u00f3n de Datos de\u00a0 Car\u00e1cter Personal, UNIDAD MEDICA SL informa a los usuarios de su website de que los datos personales recabados por la empresa mediante los formularios sitos en sus p\u00e1ginas, ser\u00e1n introducidos en un fichero automatizado bajo la responsabilidad de UNIDAD MEDICA SL, con la finalidad de poder facilitar, agilizar y cumplir los compromisos establecidos entre ambas partes.\r\n\r\n\u00a0\r\n\r\nAs\u00ed mismo, UNIDAD MEDICA SL informa de la posibilidad de ejercer los derechos\u00a0de acceso, cancelaci\u00f3n, rectificaci\u00f3n y oposici\u00f3n mediante un escrito a la direcci\u00f3n\r\n\r\n\u00a0\r\n\r\n<strong>UNIDAD MEDICA SL;<\/strong>\r\n\r\n<strong>CONDE DE ARANDA 1, 28001 MADRID.<\/strong>\r\n\r\nMientras no nos comunique lo contrario, entenderemos que sus datos no han sido modificados, que usted se compromete a notificarnos cualquier variaci\u00f3n y que tenemos el consentimiento para utilizarlos a fin de poder fidelizar la relaci\u00f3n entre las partes.\r\n\r\n\u00a0\r\n<h2><u>PROPIEDAD INTELECTUAL<\/u><\/h2>\r\nLos derechos de propiedad intelectual e industrial derivados de todos los textos, im\u00e1genes, as\u00ed como de los medios y formas de presentaci\u00f3n y montaje de sus p\u00e1ginas pertenecen, por s\u00ed o como cesionaria, a UNIDAD MEDICA SL. Ser\u00e1n, por consiguiente, obras protegidas como propiedad intelectual por el ordenamiento jur\u00eddico espa\u00f1ol, si\u00e9ndoles aplicables tanto la normativa\u00a0espa\u00f1ola y comunitaria en este campo, como los tratados internacionales relativos a la materia y suscritos por Espa\u00f1a.\r\n\r\nTodos los derechos reservados. En cumplimiento de la Ley de la Propiedad Intelectual se proh\u00edbe expresamente la reproducci\u00f3n, distribuci\u00f3n, comunicaci\u00f3n p\u00fablica y utilizaci\u00f3n, de la totalidad o parte de los contenidos de sus p\u00e1ginas web sin el consentimiento expreso de UNIDAD MEDICA\u00a0SL.\r\n\r\n\u00a0\r\n<h2><u>ACC<\/u><u>I<\/u><u>ONES LEGALES, LEGISLACI\u00d3N APLICABLE Y JURISDICCI\u00d3N<\/u><\/h2>\r\nUNIDAD MEDICA SL se reserva asimismo la facultad de presentar las acciones civiles o penales que considere oportunas por la utilizaci\u00f3n indebida de sus p\u00e1ginas web y contenidos o por el incumplimiento de las presentes condiciones.\r\n\r\nLa relaci\u00f3n entre el usuario y UNIDAD MEDICA SL se regir\u00e1 por la normativa espa\u00f1ola vigente y ser\u00e1n competentes para decidir sobre cualquier controversia que se pudiera suscitar entre el usuario y UNIDAD MEDICA SL, los juzgados o tribunales propios de la localidad de MADRID.","_et_gb_content_width":"","footnotes":""},"class_list":["post-1235","page","type-page","status-publish","hentry"],"yoast_head":"<!-- This site is optimized with the Yoast SEO plugin v27.2 - https:\/\/yoast.com\/product\/yoast-seo-wordpress\/ -->\n<title>Rechtliche Hinweise - Unidad M\u00e9dica<\/title>\n<meta name=\"description\" content=\"Informaci\u00f3n legal y privacidad de Unidad M\u00e9dica en Madrid. Consulta t\u00e9rminos, consentimiento y tratamiento de datos.\" \/>\n<meta name=\"robots\" content=\"noindex, follow\" \/>\n<meta property=\"og:locale\" content=\"de_DE\" \/>\n<meta property=\"og:type\" content=\"article\" \/>\n<meta property=\"og:title\" content=\"Rechtliche Hinweise - Unidad M\u00e9dica\" \/>\n<meta property=\"og:description\" content=\"Informaci\u00f3n legal y privacidad de Unidad M\u00e9dica en Madrid. Consulta t\u00e9rminos, consentimiento y tratamiento de datos.\" \/>\n<meta property=\"og:url\" content=\"https:\/\/www.unidadmedica.com\/de\/politica-de-privacidad-3\/rechtliche-hinweise\/\" \/>\n<meta property=\"og:site_name\" content=\"Unidad M\u00e9dica\" \/>\n<meta property=\"article:modified_time\" content=\"2025-09-19T08:09:28+00:00\" \/>\n<meta name=\"twitter:card\" content=\"summary_large_image\" \/>\n<meta name=\"twitter:label1\" content=\"Gesch\u00e4tzte Lesezeit\" \/>\n\t<meta name=\"twitter:data1\" content=\"6\u00a0Minuten\" \/>\n<script type=\"application\/ld+json\" class=\"yoast-schema-graph\">{\"@context\":\"https:\/\/schema.org\",\"@graph\":[{\"@type\":\"WebPage\",\"@id\":\"https:\/\/www.unidadmedica.com\/de\/politica-de-privacidad-3\/rechtliche-hinweise\/\",\"url\":\"https:\/\/www.unidadmedica.com\/de\/politica-de-privacidad-3\/rechtliche-hinweise\/\",\"name\":\"Rechtliche Hinweise - Unidad M\u00e9dica\",\"isPartOf\":{\"@id\":\"https:\/\/www.unidadmedica.com\/#website\"},\"datePublished\":\"2015-05-19T10:07:14+00:00\",\"dateModified\":\"2025-09-19T08:09:28+00:00\",\"description\":\"Informaci\u00f3n legal y privacidad de Unidad M\u00e9dica en Madrid. Consulta t\u00e9rminos, consentimiento y tratamiento de datos.\",\"breadcrumb\":{\"@id\":\"https:\/\/www.unidadmedica.com\/de\/politica-de-privacidad-3\/rechtliche-hinweise\/#breadcrumb\"},\"inLanguage\":\"de\",\"potentialAction\":[{\"@type\":\"ReadAction\",\"target\":[\"https:\/\/www.unidadmedica.com\/de\/politica-de-privacidad-3\/rechtliche-hinweise\/\"]}]},{\"@type\":\"BreadcrumbList\",\"@id\":\"https:\/\/www.unidadmedica.com\/de\/politica-de-privacidad-3\/rechtliche-hinweise\/#breadcrumb\",\"itemListElement\":[{\"@type\":\"ListItem\",\"position\":1,\"name\":\"Home\",\"item\":\"https:\/\/www.unidadmedica.com\/de\/\"},{\"@type\":\"ListItem\",\"position\":2,\"name\":\"DATENSCHUTZ\",\"item\":\"https:\/\/www.unidadmedica.com\/de\/politica-de-privacidad-3\/\"},{\"@type\":\"ListItem\",\"position\":3,\"name\":\"Rechtliche Hinweise\"}]},{\"@type\":\"WebSite\",\"@id\":\"https:\/\/www.unidadmedica.com\/#website\",\"url\":\"https:\/\/www.unidadmedica.com\/\",\"name\":\"Unidad M\u00e9dica\",\"description\":\"Cl\u00ednica Angloamericana\",\"publisher\":{\"@id\":\"https:\/\/www.unidadmedica.com\/#organization\"},\"potentialAction\":[{\"@type\":\"SearchAction\",\"target\":{\"@type\":\"EntryPoint\",\"urlTemplate\":\"https:\/\/www.unidadmedica.com\/?s={search_term_string}\"},\"query-input\":{\"@type\":\"PropertyValueSpecification\",\"valueRequired\":true,\"valueName\":\"search_term_string\"}}],\"inLanguage\":\"de\"},{\"@type\":\"Organization\",\"@id\":\"https:\/\/www.unidadmedica.com\/#organization\",\"name\":\"Unidad M\u00e9dica\",\"url\":\"https:\/\/www.unidadmedica.com\/\",\"logo\":{\"@type\":\"ImageObject\",\"inLanguage\":\"de\",\"@id\":\"https:\/\/www.unidadmedica.com\/#\/schema\/logo\/image\/\",\"url\":\"https:\/\/www.unidadmedica.com\/wp-content\/uploads\/2015\/05\/logo-unidadmedica.jpg\",\"contentUrl\":\"https:\/\/www.unidadmedica.com\/wp-content\/uploads\/2015\/05\/logo-unidadmedica.jpg\",\"width\":310,\"height\":75,\"caption\":\"Unidad M\u00e9dica\"},\"image\":{\"@id\":\"https:\/\/www.unidadmedica.com\/#\/schema\/logo\/image\/\"}}]}<\/script>\n<!-- \/ Yoast SEO plugin. -->","yoast_head_json":{"title":"Rechtliche Hinweise - Unidad M\u00e9dica","description":"Informaci\u00f3n legal y privacidad de Unidad M\u00e9dica en Madrid. Consulta t\u00e9rminos, consentimiento y tratamiento de datos.","robots":{"index":"noindex","follow":"follow"},"og_locale":"de_DE","og_type":"article","og_title":"Rechtliche Hinweise - Unidad M\u00e9dica","og_description":"Informaci\u00f3n legal y privacidad de Unidad M\u00e9dica en Madrid. Consulta t\u00e9rminos, consentimiento y tratamiento de datos.","og_url":"https:\/\/www.unidadmedica.com\/de\/politica-de-privacidad-3\/rechtliche-hinweise\/","og_site_name":"Unidad M\u00e9dica","article_modified_time":"2025-09-19T08:09:28+00:00","twitter_card":"summary_large_image","twitter_misc":{"Gesch\u00e4tzte Lesezeit":"6\u00a0Minuten"},"schema":{"@context":"https:\/\/schema.org","@graph":[{"@type":"WebPage","@id":"https:\/\/www.unidadmedica.com\/de\/politica-de-privacidad-3\/rechtliche-hinweise\/","url":"https:\/\/www.unidadmedica.com\/de\/politica-de-privacidad-3\/rechtliche-hinweise\/","name":"Rechtliche Hinweise - Unidad M\u00e9dica","isPartOf":{"@id":"https:\/\/www.unidadmedica.com\/#website"},"datePublished":"2015-05-19T10:07:14+00:00","dateModified":"2025-09-19T08:09:28+00:00","description":"Informaci\u00f3n legal y privacidad de Unidad M\u00e9dica en Madrid. Consulta t\u00e9rminos, consentimiento y tratamiento de datos.","breadcrumb":{"@id":"https:\/\/www.unidadmedica.com\/de\/politica-de-privacidad-3\/rechtliche-hinweise\/#breadcrumb"},"inLanguage":"de","potentialAction":[{"@type":"ReadAction","target":["https:\/\/www.unidadmedica.com\/de\/politica-de-privacidad-3\/rechtliche-hinweise\/"]}]},{"@type":"BreadcrumbList","@id":"https:\/\/www.unidadmedica.com\/de\/politica-de-privacidad-3\/rechtliche-hinweise\/#breadcrumb","itemListElement":[{"@type":"ListItem","position":1,"name":"Home","item":"https:\/\/www.unidadmedica.com\/de\/"},{"@type":"ListItem","position":2,"name":"DATENSCHUTZ","item":"https:\/\/www.unidadmedica.com\/de\/politica-de-privacidad-3\/"},{"@type":"ListItem","position":3,"name":"Rechtliche Hinweise"}]},{"@type":"WebSite","@id":"https:\/\/www.unidadmedica.com\/#website","url":"https:\/\/www.unidadmedica.com\/","name":"Unidad M\u00e9dica","description":"Cl\u00ednica Angloamericana","publisher":{"@id":"https:\/\/www.unidadmedica.com\/#organization"},"potentialAction":[{"@type":"SearchAction","target":{"@type":"EntryPoint","urlTemplate":"https:\/\/www.unidadmedica.com\/?s={search_term_string}"},"query-input":{"@type":"PropertyValueSpecification","valueRequired":true,"valueName":"search_term_string"}}],"inLanguage":"de"},{"@type":"Organization","@id":"https:\/\/www.unidadmedica.com\/#organization","name":"Unidad M\u00e9dica","url":"https:\/\/www.unidadmedica.com\/","logo":{"@type":"ImageObject","inLanguage":"de","@id":"https:\/\/www.unidadmedica.com\/#\/schema\/logo\/image\/","url":"https:\/\/www.unidadmedica.com\/wp-content\/uploads\/2015\/05\/logo-unidadmedica.jpg","contentUrl":"https:\/\/www.unidadmedica.com\/wp-content\/uploads\/2015\/05\/logo-unidadmedica.jpg","width":310,"height":75,"caption":"Unidad M\u00e9dica"},"image":{"@id":"https:\/\/www.unidadmedica.com\/#\/schema\/logo\/image\/"}}]}},"_links":{"self":[{"href":"https:\/\/www.unidadmedica.com\/de\/wp-json\/wp\/v2\/pages\/1235","targetHints":{"allow":["GET"]}}],"collection":[{"href":"https:\/\/www.unidadmedica.com\/de\/wp-json\/wp\/v2\/pages"}],"about":[{"href":"https:\/\/www.unidadmedica.com\/de\/wp-json\/wp\/v2\/types\/page"}],"author":[{"embeddable":true,"href":"https:\/\/www.unidadmedica.com\/de\/wp-json\/wp\/v2\/users\/1"}],"replies":[{"embeddable":true,"href":"https:\/\/www.unidadmedica.com\/de\/wp-json\/wp\/v2\/comments?post=1235"}],"version-history":[{"count":1,"href":"https:\/\/www.unidadmedica.com\/de\/wp-json\/wp\/v2\/pages\/1235\/revisions"}],"predecessor-version":[{"id":8127,"href":"https:\/\/www.unidadmedica.com\/de\/wp-json\/wp\/v2\/pages\/1235\/revisions\/8127"}],"up":[{"embeddable":true,"href":"https:\/\/www.unidadmedica.com\/de\/wp-json\/wp\/v2\/pages\/1139"}],"wp:attachment":[{"href":"https:\/\/www.unidadmedica.com\/de\/wp-json\/wp\/v2\/media?parent=1235"}],"curies":[{"name":"wp","href":"https:\/\/api.w.org\/{rel}","templated":true}]}}