{"id":1139,"date":"2015-05-19T10:10:14","date_gmt":"2015-05-19T10:10:14","guid":{"rendered":"https:\/\/www.unidadmedica.com\/?page_id=1139"},"modified":"2017-03-22T10:18:30","modified_gmt":"2017-03-22T10:18:30","slug":"politica-de-privacidad-3","status":"publish","type":"page","link":"https:\/\/www.unidadmedica.com\/de\/politica-de-privacidad-3\/","title":{"rendered":"DATENSCHUTZ"},"content":{"rendered":"<p>[et_pb_section admin_label=&#8220;section&#8220;][et_pb_row admin_label=&#8220;row&#8220;][et_pb_column type=&#8220;4_4&#8243;][et_pb_text admin_label=&#8220;Texto&#8220; background_layout=&#8220;light&#8220; text_orientation=&#8220;left&#8220; use_border_color=&#8220;off&#8220; border_color=&#8220;#ffffff&#8220; border_style=&#8220;solid&#8220;]<\/p>\n<h1>Datenschutz<\/h1>\n<p>[\/et_pb_text][et_pb_text admin_label=&#8220;Texto&#8220; background_layout=&#8220;light&#8220; text_orientation=&#8220;left&#8220; use_border_color=&#8220;off&#8220; border_color=&#8220;#ffffff&#8220; border_style=&#8220;solid&#8220;]<\/p>\n<p>Le informamos que los datos personales obtenidos mediante este formulario, as\u00ed como su direcci\u00f3n de correo electr\u00f3nico, han sido incorporados en un fichero del cual es responsable UNIDAD MEDICA SL, con la finalidad de atender sus consultas y enviarle informaci\u00f3n relacionada con la entidad que pudiera ser de su inter\u00e9s. UNIDAD MEDICA SL se compromete a usar los datos recogidos mediante este formulario, \u00fanicamente para la finalidad anteriormente mencionada. El interesado declara tener conocimiento del destino y uso de los datos personales recogidos mediante la lectura de la presente cl\u00e1usula. El env\u00edo de este e-mail implica la aceptaci\u00f3n de las cl\u00e1usulas expuestas. Si desea ejercer los derechos de acceso, rectificaci\u00f3n, cancelaci\u00f3n u oposici\u00f3n en los t\u00e9rminos establecidos en la Ley Org\u00e1nica 15\/1999, puede hacerlo a la siguiente direcci\u00f3n:<\/p>\n<ul>\n<li><strong>UNIDAD MEDICA SL<\/strong><\/li>\n<li><strong>C\/ CONDE DE ARANDA No 1,<\/strong><\/li>\n<li><strong>28001 MADRID.<\/strong><\/li>\n<li><strong>Tel: 91 435 1823<\/strong><\/li>\n<\/ul>\n<p><img decoding=\"async\" class=\"aligncenter size-full wp-image-449\" src=\"https:\/\/www.unidadmedica.com\/wp-content\/uploads\/2015\/05\/detalle-puerta-1.jpg\" alt=\"detalle puerta 1\" width=\"650\" height=\"433\" srcset=\"https:\/\/www.unidadmedica.com\/wp-content\/uploads\/2015\/05\/detalle-puerta-1.jpg 650w, https:\/\/www.unidadmedica.com\/wp-content\/uploads\/2015\/05\/detalle-puerta-1-300x200.jpg 300w\" sizes=\"(max-width: 650px) 100vw, 650px\" \/><\/p>\n<p>[\/et_pb_text][\/et_pb_column][\/et_pb_row][\/et_pb_section]<\/p>\n","protected":false},"excerpt":{"rendered":"<p>[et_pb_section admin_label=&#8220;section&#8220;][et_pb_row admin_label=&#8220;row&#8220;][et_pb_column type=&#8220;4_4&#8243;][et_pb_text admin_label=&#8220;Texto&#8220; background_layout=&#8220;light&#8220; text_orientation=&#8220;left&#8220; use_border_color=&#8220;off&#8220; border_color=&#8220;#ffffff&#8220; border_style=&#8220;solid&#8220;] Datenschutz [\/et_pb_text][et_pb_text admin_label=&#8220;Texto&#8220; background_layout=&#8220;light&#8220; text_orientation=&#8220;left&#8220; use_border_color=&#8220;off&#8220; border_color=&#8220;#ffffff&#8220; border_style=&#8220;solid&#8220;] Le informamos que los datos personales obtenidos mediante este formulario, as\u00ed como su direcci\u00f3n de correo electr\u00f3nico, han sido incorporados en un fichero del cual es responsable UNIDAD MEDICA SL, con la finalidad de atender sus consultas [&hellip;]<\/p>\n","protected":false},"author":1,"featured_media":0,"parent":0,"menu_order":0,"comment_status":"open","ping_status":"open","template":"","meta":{"_et_pb_use_builder":"","_et_pb_old_content":"","_et_gb_content_width":"","footnotes":""},"class_list":["post-1139","page","type-page","status-publish","hentry"],"yoast_head":"<!-- This site is optimized with the Yoast SEO plugin v27.2 - https:\/\/yoast.com\/product\/yoast-seo-wordpress\/ -->\n<title>DATENSCHUTZ - Unidad M\u00e9dica<\/title>\n<meta name=\"robots\" content=\"noindex, follow\" \/>\n<meta property=\"og:locale\" content=\"de_DE\" \/>\n<meta property=\"og:type\" content=\"article\" \/>\n<meta property=\"og:title\" content=\"DATENSCHUTZ - Unidad M\u00e9dica\" \/>\n<meta property=\"og:description\" content=\"[et_pb_section admin_label=&#8220;section&#8220;][et_pb_row admin_label=&#8220;row&#8220;][et_pb_column type=&#8220;4_4&#8243;][et_pb_text admin_label=&#8220;Texto&#8220; background_layout=&#8220;light&#8220; text_orientation=&#8220;left&#8220; use_border_color=&#8220;off&#8220; border_color=&#8220;#ffffff&#8220; border_style=&#8220;solid&#8220;] Datenschutz [\/et_pb_text][et_pb_text admin_label=&#8220;Texto&#8220; background_layout=&#8220;light&#8220; text_orientation=&#8220;left&#8220; use_border_color=&#8220;off&#8220; border_color=&#8220;#ffffff&#8220; border_style=&#8220;solid&#8220;] Le informamos que los datos personales obtenidos mediante este formulario, as\u00ed como su direcci\u00f3n de correo electr\u00f3nico, han sido incorporados en un fichero del cual es responsable UNIDAD MEDICA SL, con la finalidad de atender sus consultas [&hellip;]\" \/>\n<meta property=\"og:url\" content=\"https:\/\/www.unidadmedica.com\/de\/politica-de-privacidad-3\/\" \/>\n<meta property=\"og:site_name\" content=\"Unidad M\u00e9dica\" \/>\n<meta property=\"article:modified_time\" content=\"2017-03-22T10:18:30+00:00\" \/>\n<meta property=\"og:image\" content=\"https:\/\/www.unidadmedica.com\/wp-content\/uploads\/2015\/05\/detalle-puerta-1.jpg\" \/>\n<meta name=\"twitter:card\" content=\"summary_large_image\" \/>\n<meta name=\"twitter:label1\" content=\"Gesch\u00e4tzte Lesezeit\" \/>\n\t<meta name=\"twitter:data1\" content=\"1\u00a0Minute\" \/>\n<script type=\"application\/ld+json\" class=\"yoast-schema-graph\">{\"@context\":\"https:\/\/schema.org\",\"@graph\":[{\"@type\":\"WebPage\",\"@id\":\"https:\/\/www.unidadmedica.com\/de\/politica-de-privacidad-3\/\",\"url\":\"https:\/\/www.unidadmedica.com\/de\/politica-de-privacidad-3\/\",\"name\":\"DATENSCHUTZ - Unidad M\u00e9dica\",\"isPartOf\":{\"@id\":\"https:\/\/www.unidadmedica.com\/#website\"},\"primaryImageOfPage\":{\"@id\":\"https:\/\/www.unidadmedica.com\/de\/politica-de-privacidad-3\/#primaryimage\"},\"image\":{\"@id\":\"https:\/\/www.unidadmedica.com\/de\/politica-de-privacidad-3\/#primaryimage\"},\"thumbnailUrl\":\"https:\/\/www.unidadmedica.com\/wp-content\/uploads\/2015\/05\/detalle-puerta-1.jpg\",\"datePublished\":\"2015-05-19T10:10:14+00:00\",\"dateModified\":\"2017-03-22T10:18:30+00:00\",\"breadcrumb\":{\"@id\":\"https:\/\/www.unidadmedica.com\/de\/politica-de-privacidad-3\/#breadcrumb\"},\"inLanguage\":\"de\",\"potentialAction\":[{\"@type\":\"ReadAction\",\"target\":[\"https:\/\/www.unidadmedica.com\/de\/politica-de-privacidad-3\/\"]}]},{\"@type\":\"ImageObject\",\"inLanguage\":\"de\",\"@id\":\"https:\/\/www.unidadmedica.com\/de\/politica-de-privacidad-3\/#primaryimage\",\"url\":\"https:\/\/www.unidadmedica.com\/wp-content\/uploads\/2015\/05\/detalle-puerta-1.jpg\",\"contentUrl\":\"https:\/\/www.unidadmedica.com\/wp-content\/uploads\/2015\/05\/detalle-puerta-1.jpg\"},{\"@type\":\"BreadcrumbList\",\"@id\":\"https:\/\/www.unidadmedica.com\/de\/politica-de-privacidad-3\/#breadcrumb\",\"itemListElement\":[{\"@type\":\"ListItem\",\"position\":1,\"name\":\"Home\",\"item\":\"https:\/\/www.unidadmedica.com\/de\/\"},{\"@type\":\"ListItem\",\"position\":2,\"name\":\"DATENSCHUTZ\"}]},{\"@type\":\"WebSite\",\"@id\":\"https:\/\/www.unidadmedica.com\/#website\",\"url\":\"https:\/\/www.unidadmedica.com\/\",\"name\":\"Unidad M\u00e9dica\",\"description\":\"Cl\u00ednica Angloamericana\",\"publisher\":{\"@id\":\"https:\/\/www.unidadmedica.com\/#organization\"},\"potentialAction\":[{\"@type\":\"SearchAction\",\"target\":{\"@type\":\"EntryPoint\",\"urlTemplate\":\"https:\/\/www.unidadmedica.com\/?s={search_term_string}\"},\"query-input\":{\"@type\":\"PropertyValueSpecification\",\"valueRequired\":true,\"valueName\":\"search_term_string\"}}],\"inLanguage\":\"de\"},{\"@type\":\"Organization\",\"@id\":\"https:\/\/www.unidadmedica.com\/#organization\",\"name\":\"Unidad M\u00e9dica\",\"url\":\"https:\/\/www.unidadmedica.com\/\",\"logo\":{\"@type\":\"ImageObject\",\"inLanguage\":\"de\",\"@id\":\"https:\/\/www.unidadmedica.com\/#\/schema\/logo\/image\/\",\"url\":\"https:\/\/www.unidadmedica.com\/wp-content\/uploads\/2015\/05\/logo-unidadmedica.jpg\",\"contentUrl\":\"https:\/\/www.unidadmedica.com\/wp-content\/uploads\/2015\/05\/logo-unidadmedica.jpg\",\"width\":310,\"height\":75,\"caption\":\"Unidad M\u00e9dica\"},\"image\":{\"@id\":\"https:\/\/www.unidadmedica.com\/#\/schema\/logo\/image\/\"}}]}<\/script>\n<!-- \/ Yoast SEO plugin. -->","yoast_head_json":{"title":"DATENSCHUTZ - Unidad M\u00e9dica","robots":{"index":"noindex","follow":"follow"},"og_locale":"de_DE","og_type":"article","og_title":"DATENSCHUTZ - Unidad M\u00e9dica","og_description":"[et_pb_section admin_label=&#8220;section&#8220;][et_pb_row admin_label=&#8220;row&#8220;][et_pb_column type=&#8220;4_4&#8243;][et_pb_text admin_label=&#8220;Texto&#8220; background_layout=&#8220;light&#8220; text_orientation=&#8220;left&#8220; use_border_color=&#8220;off&#8220; border_color=&#8220;#ffffff&#8220; border_style=&#8220;solid&#8220;] Datenschutz [\/et_pb_text][et_pb_text admin_label=&#8220;Texto&#8220; background_layout=&#8220;light&#8220; text_orientation=&#8220;left&#8220; use_border_color=&#8220;off&#8220; border_color=&#8220;#ffffff&#8220; border_style=&#8220;solid&#8220;] Le informamos que los datos personales obtenidos mediante este formulario, as\u00ed como su direcci\u00f3n de correo electr\u00f3nico, han sido incorporados en un fichero del cual es responsable UNIDAD MEDICA SL, con la finalidad de atender sus consultas [&hellip;]","og_url":"https:\/\/www.unidadmedica.com\/de\/politica-de-privacidad-3\/","og_site_name":"Unidad M\u00e9dica","article_modified_time":"2017-03-22T10:18:30+00:00","og_image":[{"url":"https:\/\/www.unidadmedica.com\/wp-content\/uploads\/2015\/05\/detalle-puerta-1.jpg","type":"","width":"","height":""}],"twitter_card":"summary_large_image","twitter_misc":{"Gesch\u00e4tzte Lesezeit":"1\u00a0Minute"},"schema":{"@context":"https:\/\/schema.org","@graph":[{"@type":"WebPage","@id":"https:\/\/www.unidadmedica.com\/de\/politica-de-privacidad-3\/","url":"https:\/\/www.unidadmedica.com\/de\/politica-de-privacidad-3\/","name":"DATENSCHUTZ - Unidad M\u00e9dica","isPartOf":{"@id":"https:\/\/www.unidadmedica.com\/#website"},"primaryImageOfPage":{"@id":"https:\/\/www.unidadmedica.com\/de\/politica-de-privacidad-3\/#primaryimage"},"image":{"@id":"https:\/\/www.unidadmedica.com\/de\/politica-de-privacidad-3\/#primaryimage"},"thumbnailUrl":"https:\/\/www.unidadmedica.com\/wp-content\/uploads\/2015\/05\/detalle-puerta-1.jpg","datePublished":"2015-05-19T10:10:14+00:00","dateModified":"2017-03-22T10:18:30+00:00","breadcrumb":{"@id":"https:\/\/www.unidadmedica.com\/de\/politica-de-privacidad-3\/#breadcrumb"},"inLanguage":"de","potentialAction":[{"@type":"ReadAction","target":["https:\/\/www.unidadmedica.com\/de\/politica-de-privacidad-3\/"]}]},{"@type":"ImageObject","inLanguage":"de","@id":"https:\/\/www.unidadmedica.com\/de\/politica-de-privacidad-3\/#primaryimage","url":"https:\/\/www.unidadmedica.com\/wp-content\/uploads\/2015\/05\/detalle-puerta-1.jpg","contentUrl":"https:\/\/www.unidadmedica.com\/wp-content\/uploads\/2015\/05\/detalle-puerta-1.jpg"},{"@type":"BreadcrumbList","@id":"https:\/\/www.unidadmedica.com\/de\/politica-de-privacidad-3\/#breadcrumb","itemListElement":[{"@type":"ListItem","position":1,"name":"Home","item":"https:\/\/www.unidadmedica.com\/de\/"},{"@type":"ListItem","position":2,"name":"DATENSCHUTZ"}]},{"@type":"WebSite","@id":"https:\/\/www.unidadmedica.com\/#website","url":"https:\/\/www.unidadmedica.com\/","name":"Unidad M\u00e9dica","description":"Cl\u00ednica Angloamericana","publisher":{"@id":"https:\/\/www.unidadmedica.com\/#organization"},"potentialAction":[{"@type":"SearchAction","target":{"@type":"EntryPoint","urlTemplate":"https:\/\/www.unidadmedica.com\/?s={search_term_string}"},"query-input":{"@type":"PropertyValueSpecification","valueRequired":true,"valueName":"search_term_string"}}],"inLanguage":"de"},{"@type":"Organization","@id":"https:\/\/www.unidadmedica.com\/#organization","name":"Unidad M\u00e9dica","url":"https:\/\/www.unidadmedica.com\/","logo":{"@type":"ImageObject","inLanguage":"de","@id":"https:\/\/www.unidadmedica.com\/#\/schema\/logo\/image\/","url":"https:\/\/www.unidadmedica.com\/wp-content\/uploads\/2015\/05\/logo-unidadmedica.jpg","contentUrl":"https:\/\/www.unidadmedica.com\/wp-content\/uploads\/2015\/05\/logo-unidadmedica.jpg","width":310,"height":75,"caption":"Unidad M\u00e9dica"},"image":{"@id":"https:\/\/www.unidadmedica.com\/#\/schema\/logo\/image\/"}}]}},"_links":{"self":[{"href":"https:\/\/www.unidadmedica.com\/de\/wp-json\/wp\/v2\/pages\/1139","targetHints":{"allow":["GET"]}}],"collection":[{"href":"https:\/\/www.unidadmedica.com\/de\/wp-json\/wp\/v2\/pages"}],"about":[{"href":"https:\/\/www.unidadmedica.com\/de\/wp-json\/wp\/v2\/types\/page"}],"author":[{"embeddable":true,"href":"https:\/\/www.unidadmedica.com\/de\/wp-json\/wp\/v2\/users\/1"}],"replies":[{"embeddable":true,"href":"https:\/\/www.unidadmedica.com\/de\/wp-json\/wp\/v2\/comments?post=1139"}],"version-history":[{"count":0,"href":"https:\/\/www.unidadmedica.com\/de\/wp-json\/wp\/v2\/pages\/1139\/revisions"}],"wp:attachment":[{"href":"https:\/\/www.unidadmedica.com\/de\/wp-json\/wp\/v2\/media?parent=1139"}],"curies":[{"name":"wp","href":"https:\/\/api.w.org\/{rel}","templated":true}]}}